{"id":942,"date":"2018-04-11T20:51:37","date_gmt":"2018-04-11T20:51:37","guid":{"rendered":"https:\/\/mercedes.andino.terapeuta.ec\/?page_id=942"},"modified":"2019-10-30T23:56:26","modified_gmt":"2019-10-30T23:56:26","slug":"terapia-con-ayahuasca","status":"publish","type":"page","link":"https:\/\/terapeuta.ec\/?page_id=942","title":{"rendered":"Terapia con Ayahuasca"},"content":{"rendered":"<p><img loading=\"lazy\" decoding=\"async\" class=\"size-medium wp-image-1335 alignleft\" src=\"https:\/\/mercedes.andino.terapeuta.ec\/wp-content\/uploads\/2019\/10\/DSC_0326-e1572314685525-199x300.jpg\" alt=\"\" width=\"199\" height=\"300\" srcset=\"https:\/\/terapeuta.ec\/wp-content\/uploads\/2019\/10\/DSC_0326-e1572314685525-199x300.jpg 199w, https:\/\/terapeuta.ec\/wp-content\/uploads\/2019\/10\/DSC_0326-e1572314685525-768x1155.jpg 768w, https:\/\/terapeuta.ec\/wp-content\/uploads\/2019\/10\/DSC_0326-e1572314685525-681x1024.jpg 681w, https:\/\/terapeuta.ec\/wp-content\/uploads\/2019\/10\/DSC_0326-e1572314685525-124x187.jpg 124w, https:\/\/terapeuta.ec\/wp-content\/uploads\/2019\/10\/DSC_0326-e1572314685525-1170x1760.jpg 1170w, https:\/\/terapeuta.ec\/wp-content\/uploads\/2019\/10\/DSC_0326-e1572314685525.jpg 2000w\" sizes=\"(max-width: 199px) 100vw, 199px\" \/>En esta terapia se combinan los conocimientos y t\u00e9cnicas de la psicolog\u00eda humanista con el conocimiento de la medicina ancestral y m\u00e1gica. La ayahuasca depura el cuerpo y purifica la sangre, permite que el individuo entre en un estado introspectivo profundo, dentro del cual es m\u00e1s f\u00e1cil adentrarse en los conflictos internos y encontrar las respuestas desde el observador interno. El amor propio es estimulado por la limpieza f\u00edsica y la pisco-actividad y juntos transforman las memorias celulares llevando nueva configuraci\u00f3n gen\u00e9tica de vida a los lugares donde antes habitaba el miedo, el dolor, los traumas etc. Esta terapia nos permite renacer y restaurar los cuerpos, f\u00edsicos, mental, energ\u00e9ticos, emocional y espiritual. Es posible recuperar la salud, la vibraci\u00f3n, pulsaci\u00f3n, el gozo de vivir.<\/p>\n<p>La ayahuasca por su capacidad de conectarte con aspectos sutiles del ser, se le conoce como la liana del alma, y de su mano puedes sanar deudas muy antiguas incluso de tus ancestros, y as\u00ed trasformar el sufrimiento en armon\u00eda y plenitud.<\/p>\n<p>Recibir\u00e1s un acompa\u00f1amiento c\u00e1lido, con todas las comodidades, para hacer de tu viaje de sanaci\u00f3n una experiencia \u00fanica.<\/p>\n","protected":false},"excerpt":{"rendered":"<p>En esta terapia se combinan los conocimientos y t\u00e9cnicas de la psicolog\u00eda humanista con el conocimiento de la medicina ancestral y m\u00e1gica. La ayahuasca depura el cuerpo y purifica la sangre, permite que el individuo entre en un estado introspectivo profundo, dentro del cual es m\u00e1s f\u00e1cil adentrarse en los conflictos internos y encontrar las<\/p>\n","protected":false},"author":1,"featured_media":0,"parent":0,"menu_order":0,"comment_status":"closed","ping_status":"closed","template":"","meta":{"footnotes":""},"_links":{"self":[{"href":"https:\/\/terapeuta.ec\/index.php?rest_route=\/wp\/v2\/pages\/942"}],"collection":[{"href":"https:\/\/terapeuta.ec\/index.php?rest_route=\/wp\/v2\/pages"}],"about":[{"href":"https:\/\/terapeuta.ec\/index.php?rest_route=\/wp\/v2\/types\/page"}],"author":[{"embeddable":true,"href":"https:\/\/terapeuta.ec\/index.php?rest_route=\/wp\/v2\/users\/1"}],"replies":[{"embeddable":true,"href":"https:\/\/terapeuta.ec\/index.php?rest_route=%2Fwp%2Fv2%2Fcomments&post=942"}],"version-history":[{"count":7,"href":"https:\/\/terapeuta.ec\/index.php?rest_route=\/wp\/v2\/pages\/942\/revisions"}],"predecessor-version":[{"id":1423,"href":"https:\/\/terapeuta.ec\/index.php?rest_route=\/wp\/v2\/pages\/942\/revisions\/1423"}],"wp:attachment":[{"href":"https:\/\/terapeuta.ec\/index.php?rest_route=%2Fwp%2Fv2%2Fmedia&parent=942"}],"curies":[{"name":"wp","href":"https:\/\/api.w.org\/{rel}","templated":true}]}}