{"id":936,"date":"2018-04-11T19:54:51","date_gmt":"2018-04-11T19:54:51","guid":{"rendered":"https:\/\/mercedes.andino.terapeuta.ec\/?page_id=936"},"modified":"2019-10-29T02:56:10","modified_gmt":"2019-10-29T02:56:10","slug":"terapia-grupal","status":"publish","type":"page","link":"https:\/\/terapeuta.ec\/?page_id=936","title":{"rendered":"Terapia Grupal"},"content":{"rendered":"<p><img loading=\"lazy\" decoding=\"async\" class=\"size-medium wp-image-1352 alignleft\" src=\"https:\/\/mercedes.andino.terapeuta.ec\/wp-content\/uploads\/2019\/10\/20181229_063732-300x225.jpg\" alt=\"\" width=\"300\" height=\"225\" srcset=\"https:\/\/terapeuta.ec\/wp-content\/uploads\/2019\/10\/20181229_063732-300x225.jpg 300w, https:\/\/terapeuta.ec\/wp-content\/uploads\/2019\/10\/20181229_063732-768x576.jpg 768w, https:\/\/terapeuta.ec\/wp-content\/uploads\/2019\/10\/20181229_063732-1024x768.jpg 1024w, https:\/\/terapeuta.ec\/wp-content\/uploads\/2019\/10\/20181229_063732-249x187.jpg 249w, https:\/\/terapeuta.ec\/wp-content\/uploads\/2019\/10\/20181229_063732-1170x878.jpg 1170w\" sizes=\"(max-width: 300px) 100vw, 300px\" \/>En esta terapia se trabajan los intereses del grupo.<\/p>\n<p>Se pueden proponer distintos temas, por ejemplo, de autoestima, de drogadicci\u00f3n, de cantos, de arte, de feminidad, de lo masculino, de plantas, de los ancestros, de motivaci\u00f3n, de duelo, de separaci\u00f3n, etc. Los efectos sanadores se dan a un nivel muy profundo debido a que somos seres sociales que necesitamos del otro para vivir.<\/p>\n<p>Desde que nacemos como parte de una familia, nos reconocemos seres sociales, y por lo tanto nos relacionamos, no solo con el entorno, sino que especialmente con otros individuos.<\/p>\n<p><img loading=\"lazy\" decoding=\"async\" class=\"size-medium wp-image-1353 alignright\" src=\"https:\/\/mercedes.andino.terapeuta.ec\/wp-content\/uploads\/2019\/10\/20181229_063810-e1572317613409-225x300.jpg\" alt=\"\" width=\"225\" height=\"300\" srcset=\"https:\/\/terapeuta.ec\/wp-content\/uploads\/2019\/10\/20181229_063810-e1572317613409-225x300.jpg 225w, https:\/\/terapeuta.ec\/wp-content\/uploads\/2019\/10\/20181229_063810-e1572317613409-768x1024.jpg 768w, https:\/\/terapeuta.ec\/wp-content\/uploads\/2019\/10\/20181229_063810-e1572317613409-140x187.jpg 140w, https:\/\/terapeuta.ec\/wp-content\/uploads\/2019\/10\/20181229_063810-e1572317613409-1170x1560.jpg 1170w\" sizes=\"(max-width: 225px) 100vw, 225px\" \/>Los problemas giran fenomenol\u00f3gicamente en torno al mundo que nos rodea, a pesar de que todo es un reflejo de lo que sucede en nuestro interior. Aprender a relacionarnos y dejar de victimizarnos, a trav\u00e9s de la convivencia y din\u00e1micas que permiten a manera de juego confrontarnos con nuestro diario vivir.<\/p>\n<p>Mediante esta propuesta podr\u00e1s sanar heridas profundas que causaste y te causaron, ya que, mediante estos talleres, se trae al presente a trav\u00e9s de los otros las escenas vividas en el pasado, permiti\u00e9ndote ver el error en tiempo presente y corregirlo. Es una enorme oportunidad para darte cuenta, de qu\u00e9 manera est\u00e1s viviendo, los h\u00e1bitos negativos que no te permiten avanzar, y tambi\u00e9n para hacer de espejo para otros, y que los otros tambi\u00e9n te muestren tu reflejo brind\u00e1ndote la posibilidad de apreciar tanto la belleza de tu ser como las rarezas, lo positivo y negativo.<img loading=\"lazy\" decoding=\"async\" class=\"size-medium wp-image-1350 alignleft\" src=\"https:\/\/mercedes.andino.terapeuta.ec\/wp-content\/uploads\/2019\/10\/FB_IMG_1565332667254-300x200.jpg\" alt=\"\" width=\"300\" height=\"200\" srcset=\"https:\/\/terapeuta.ec\/wp-content\/uploads\/2019\/10\/FB_IMG_1565332667254-300x200.jpg 300w, https:\/\/terapeuta.ec\/wp-content\/uploads\/2019\/10\/FB_IMG_1565332667254-280x187.jpg 280w, https:\/\/terapeuta.ec\/wp-content\/uploads\/2019\/10\/FB_IMG_1565332667254.jpg 720w\" sizes=\"(max-width: 300px) 100vw, 300px\" \/><\/p>\n<p>No te pierdas esta oportunidad de trabajar en los temas que m\u00e1s necesitas, de ser medicina para los otros y de que los otros sean tu medicina.<\/p>\n","protected":false},"excerpt":{"rendered":"<p>En esta terapia se trabajan los intereses del grupo. Se pueden proponer distintos temas, por ejemplo, de autoestima, de drogadicci\u00f3n, de cantos, de arte, de feminidad, de lo masculino, de plantas, de los ancestros, de motivaci\u00f3n, de duelo, de separaci\u00f3n, etc. Los efectos sanadores se dan a un nivel muy profundo debido a que somos<\/p>\n","protected":false},"author":1,"featured_media":0,"parent":0,"menu_order":0,"comment_status":"closed","ping_status":"closed","template":"","meta":{"footnotes":""},"_links":{"self":[{"href":"https:\/\/terapeuta.ec\/index.php?rest_route=\/wp\/v2\/pages\/936"}],"collection":[{"href":"https:\/\/terapeuta.ec\/index.php?rest_route=\/wp\/v2\/pages"}],"about":[{"href":"https:\/\/terapeuta.ec\/index.php?rest_route=\/wp\/v2\/types\/page"}],"author":[{"embeddable":true,"href":"https:\/\/terapeuta.ec\/index.php?rest_route=\/wp\/v2\/users\/1"}],"replies":[{"embeddable":true,"href":"https:\/\/terapeuta.ec\/index.php?rest_route=%2Fwp%2Fv2%2Fcomments&post=936"}],"version-history":[{"count":10,"href":"https:\/\/terapeuta.ec\/index.php?rest_route=\/wp\/v2\/pages\/936\/revisions"}],"predecessor-version":[{"id":1355,"href":"https:\/\/terapeuta.ec\/index.php?rest_route=\/wp\/v2\/pages\/936\/revisions\/1355"}],"wp:attachment":[{"href":"https:\/\/terapeuta.ec\/index.php?rest_route=%2Fwp%2Fv2%2Fmedia&parent=936"}],"curies":[{"name":"wp","href":"https:\/\/api.w.org\/{rel}","templated":true}]}}