{"id":932,"date":"2018-04-11T19:52:39","date_gmt":"2018-04-11T19:52:39","guid":{"rendered":"https:\/\/mercedes.andino.terapeuta.ec\/?page_id=932"},"modified":"2019-10-30T16:02:35","modified_gmt":"2019-10-30T16:02:35","slug":"terapia-de-familia","status":"publish","type":"page","link":"https:\/\/terapeuta.ec\/?page_id=932","title":{"rendered":"Terapia de Familia"},"content":{"rendered":"<p><img loading=\"lazy\" decoding=\"async\" class=\"size-medium wp-image-1358 alignleft\" src=\"https:\/\/mercedes.andino.terapeuta.ec\/wp-content\/uploads\/2019\/10\/IMG-20181013-WA0007-225x300.jpg\" alt=\"\" width=\"225\" height=\"300\" srcset=\"https:\/\/terapeuta.ec\/wp-content\/uploads\/2019\/10\/IMG-20181013-WA0007-225x300.jpg 225w, https:\/\/terapeuta.ec\/wp-content\/uploads\/2019\/10\/IMG-20181013-WA0007-768x1024.jpg 768w, https:\/\/terapeuta.ec\/wp-content\/uploads\/2019\/10\/IMG-20181013-WA0007-140x187.jpg 140w, https:\/\/terapeuta.ec\/wp-content\/uploads\/2019\/10\/IMG-20181013-WA0007.jpg 774w\" sizes=\"(max-width: 225px) 100vw, 225px\" \/><\/p>\n<p>La terapia de familia se centra en el uso de recursos y t\u00e9cnicas terap\u00e9uticas que promueven y facilitan, la empat\u00eda y comunicaci\u00f3n entre los miembros del clan.<\/p>\n<p>Los humanos arrastramos cadenas de sufrimiento desde generaciones pasadas, y la \u00fanica forma de salir de \u00e9l, es haci\u00e9ndonos responsables y tomando consciencia de quienes somos y hacia d\u00f3nde queremos ir. Salir de la ignorancia nos permite evolucionar y trascender el pasado.<\/p>\n<hr \/>\n<p><span style=\"font-size: 16px;\"><img loading=\"lazy\" decoding=\"async\" class=\"size-medium wp-image-1324 alignright\" src=\"https:\/\/mercedes.andino.terapeuta.ec\/wp-content\/uploads\/2019\/08\/SAM_6030-large-300x225.jpg\" alt=\"\" width=\"300\" height=\"225\" srcset=\"https:\/\/terapeuta.ec\/wp-content\/uploads\/2019\/08\/SAM_6030-large-300x225.jpg 300w, https:\/\/terapeuta.ec\/wp-content\/uploads\/2019\/08\/SAM_6030-large-768x576.jpg 768w, https:\/\/terapeuta.ec\/wp-content\/uploads\/2019\/08\/SAM_6030-large.jpg 1024w, https:\/\/terapeuta.ec\/wp-content\/uploads\/2019\/08\/SAM_6030-large-249x187.jpg 249w\" sizes=\"(max-width: 300px) 100vw, 300px\" \/>Lineamientos:<\/span><\/p>\n<ul>\n<li><span style=\"font-size: 16px;\">Expresi\u00f3n clara y directa.<\/span><\/li>\n<li><span style=\"font-size: 16px;\">Escucha emp\u00e1tica<\/span><\/li>\n<li><span style=\"font-size: 16px;\">Solidaridad y responsabilidad de grupo<\/span><\/li>\n<li><span style=\"font-size: 16px;\">Visi\u00f3n de unidad<\/span><\/li>\n<li><span style=\"font-size: 16px;\">Visi\u00f3n de diversidad<\/span><\/li>\n<li><span style=\"font-size: 16px;\">Figuras de autoridad y juego de roles. \u00a0<\/span><\/li>\n<li><span style=\"font-size: 16px;\">Recursos para dialogar o facilitar temas dif\u00edciles.<\/span><\/li>\n<\/ul>\n<p>&nbsp;<\/p>\n<p>\u00a1Ven! y encuentra la manera m\u00e1s ecol\u00f3gica para crear el mundo que so\u00f1amos, ven y juntos construyamos el buen vivir.<\/p>\n<p><img loading=\"lazy\" decoding=\"async\" class=\"size-medium wp-image-1356 alignleft\" src=\"https:\/\/mercedes.andino.terapeuta.ec\/wp-content\/uploads\/2019\/10\/IMG-20181013-WA0008-225x300.jpg\" alt=\"\" width=\"225\" height=\"300\" srcset=\"https:\/\/terapeuta.ec\/wp-content\/uploads\/2019\/10\/IMG-20181013-WA0008-225x300.jpg 225w, https:\/\/terapeuta.ec\/wp-content\/uploads\/2019\/10\/IMG-20181013-WA0008-768x1024.jpg 768w, https:\/\/terapeuta.ec\/wp-content\/uploads\/2019\/10\/IMG-20181013-WA0008-140x187.jpg 140w, https:\/\/terapeuta.ec\/wp-content\/uploads\/2019\/10\/IMG-20181013-WA0008.jpg 774w\" sizes=\"(max-width: 225px) 100vw, 225px\" \/><img loading=\"lazy\" decoding=\"async\" class=\"size-medium wp-image-1366 alignleft\" src=\"https:\/\/mercedes.andino.terapeuta.ec\/wp-content\/uploads\/2019\/10\/IMG-20181013-WA0005-225x300.jpg\" alt=\"\" width=\"225\" height=\"300\" srcset=\"https:\/\/terapeuta.ec\/wp-content\/uploads\/2019\/10\/IMG-20181013-WA0005-225x300.jpg 225w, https:\/\/terapeuta.ec\/wp-content\/uploads\/2019\/10\/IMG-20181013-WA0005-768x1024.jpg 768w, https:\/\/terapeuta.ec\/wp-content\/uploads\/2019\/10\/IMG-20181013-WA0005-140x187.jpg 140w, https:\/\/terapeuta.ec\/wp-content\/uploads\/2019\/10\/IMG-20181013-WA0005.jpg 774w\" sizes=\"(max-width: 225px) 100vw, 225px\" \/><img loading=\"lazy\" decoding=\"async\" class=\"alignnone wp-image-1362 size-medium\" src=\"https:\/\/mercedes.andino.terapeuta.ec\/wp-content\/uploads\/2019\/10\/IMG-20181013-WA0011-225x300.jpg\" alt=\"\" width=\"225\" height=\"300\" srcset=\"https:\/\/terapeuta.ec\/wp-content\/uploads\/2019\/10\/IMG-20181013-WA0011-225x300.jpg 225w, https:\/\/terapeuta.ec\/wp-content\/uploads\/2019\/10\/IMG-20181013-WA0011-768x1024.jpg 768w, https:\/\/terapeuta.ec\/wp-content\/uploads\/2019\/10\/IMG-20181013-WA0011-140x187.jpg 140w, https:\/\/terapeuta.ec\/wp-content\/uploads\/2019\/10\/IMG-20181013-WA0011.jpg 774w\" sizes=\"(max-width: 225px) 100vw, 225px\" \/><\/p>\n<p>&nbsp;<\/p>\n","protected":false},"excerpt":{"rendered":"<p>La terapia de familia se centra en el uso de recursos y t\u00e9cnicas terap\u00e9uticas que promueven y facilitan, la empat\u00eda y comunicaci\u00f3n entre los miembros del clan. Los humanos arrastramos cadenas de sufrimiento desde generaciones pasadas, y la \u00fanica forma de salir de \u00e9l, es haci\u00e9ndonos responsables y tomando consciencia de quienes somos y hacia<\/p>\n","protected":false},"author":1,"featured_media":1401,"parent":0,"menu_order":0,"comment_status":"closed","ping_status":"closed","template":"","meta":{"footnotes":""},"_links":{"self":[{"href":"https:\/\/terapeuta.ec\/index.php?rest_route=\/wp\/v2\/pages\/932"}],"collection":[{"href":"https:\/\/terapeuta.ec\/index.php?rest_route=\/wp\/v2\/pages"}],"about":[{"href":"https:\/\/terapeuta.ec\/index.php?rest_route=\/wp\/v2\/types\/page"}],"author":[{"embeddable":true,"href":"https:\/\/terapeuta.ec\/index.php?rest_route=\/wp\/v2\/users\/1"}],"replies":[{"embeddable":true,"href":"https:\/\/terapeuta.ec\/index.php?rest_route=%2Fwp%2Fv2%2Fcomments&post=932"}],"version-history":[{"count":20,"href":"https:\/\/terapeuta.ec\/index.php?rest_route=\/wp\/v2\/pages\/932\/revisions"}],"predecessor-version":[{"id":1369,"href":"https:\/\/terapeuta.ec\/index.php?rest_route=\/wp\/v2\/pages\/932\/revisions\/1369"}],"wp:featuredmedia":[{"embeddable":true,"href":"https:\/\/terapeuta.ec\/index.php?rest_route=\/wp\/v2\/media\/1401"}],"wp:attachment":[{"href":"https:\/\/terapeuta.ec\/index.php?rest_route=%2Fwp%2Fv2%2Fmedia&parent=932"}],"curies":[{"name":"wp","href":"https:\/\/api.w.org\/{rel}","templated":true}]}}