{"id":902,"date":"2018-02-07T17:12:08","date_gmt":"2018-02-07T17:12:08","guid":{"rendered":"https:\/\/mercedes.andino.terapeuta.ec\/?page_id=902"},"modified":"2020-02-18T14:56:08","modified_gmt":"2020-02-18T14:56:08","slug":"mercedes","status":"publish","type":"page","link":"https:\/\/terapeuta.ec\/?page_id=902","title":{"rendered":"Mercedes Andino"},"content":{"rendered":"<p><img loading=\"lazy\" decoding=\"async\" class=\"size-medium wp-image-1005 aligncenter\" src=\"https:\/\/mercedes.andino.terapeuta.ec\/wp-content\/uploads\/2018\/04\/11817129_1684766271737985_3119737115304650386_n-1-300x200.jpg\" alt=\"\" width=\"300\" height=\"200\" srcset=\"https:\/\/terapeuta.ec\/wp-content\/uploads\/2018\/04\/11817129_1684766271737985_3119737115304650386_n-1-300x200.jpg 300w, https:\/\/terapeuta.ec\/wp-content\/uploads\/2018\/04\/11817129_1684766271737985_3119737115304650386_n-1-768x512.jpg 768w, https:\/\/terapeuta.ec\/wp-content\/uploads\/2018\/04\/11817129_1684766271737985_3119737115304650386_n-1-280x187.jpg 280w, https:\/\/terapeuta.ec\/wp-content\/uploads\/2018\/04\/11817129_1684766271737985_3119737115304650386_n-1-600x400.jpg 600w, https:\/\/terapeuta.ec\/wp-content\/uploads\/2018\/04\/11817129_1684766271737985_3119737115304650386_n-1.jpg 960w\" sizes=\"(max-width: 300px) 100vw, 300px\" \/><\/p>\n<p>\u00bfDe d\u00f3nde vengo? soy originaria de La Man\u00e1, nacida un 24 de septiembre de 1988 en La Man\u00e1 provincia de Cotopaxi en Ecuador. Mestiza, descendiente de una familia de hierbateros y curanderos.<\/p>\n<p>A la edad de 21 a\u00f1os viv\u00ed una depresi\u00f3n severa que despert\u00f3 ocasionada por un anticonceptivo que me provoc\u00f3 efectos menopa\u00fasicos, confront\u00e1ndome con mis miedos y traumas m\u00e1s profundos, vivencias y h\u00e1bitos destructivos que imped\u00edan mi crecimiento. Este\u00a0<span class=\"text_exposed_show\">fue el camino que me llev\u00f3 a recuperar mi memoria antigua y mi pasado conectado con las plantas, as\u00ed como tambi\u00e9n despert\u00f3 mi inter\u00e9s y estudio de la Psicolog\u00eda human\u00edstica y Transpersonal.<\/span><\/p>\n<div class=\"text_exposed_show\">\n<p>Despu\u00e9s de transitar mi propio proceso de crecimiento y de poder caminar sobre mis propios pies sostenida tanto por el mundo de las plantas como el de la terapia human\u00edstica, descubr\u00ed mi misi\u00f3n de vida: Acompa\u00f1ar a mis semejantes en su Desarrollo Humano, reconociendo que soy una caminante en constante cambio y aprendizaje y que siendo aut\u00e9ntica es la \u00fanica manera que tengo de servir.<\/p>\n<\/div>\n<h2>Perfil profesional<\/h2>\n<p>Tecn\u00f3loga en Desarrollo Humano Personal y Social.\u00a0 Terapeuta Alternativa en Desarrollo Humano, Gestal y procesos Creativos, avalada por el ministerio de salud p\u00fablica (MSP-DNGA-SG-10-2018-17541-E).<\/p>\n<p>Destacada en la atenci\u00f3n individual, grupal y de familias. En la actualidad se desempe\u00f1a como estudiante de medicina tradicional ind\u00edgena, as\u00ed como del conocimiento ancestral y m\u00e1gico.<\/p>\n<p>Promueve encuentros femeninos. Durante a\u00f1os ha acompa\u00f1ado a mujeres en situaciones de vulnerabilidad en el fortalecimiento de sus capacidades.\u00a0Tiene un amplio trabajo de investigaci\u00f3n en el tema de depresi\u00f3n y adicciones.<\/p>\n<p><img loading=\"lazy\" decoding=\"async\" class=\"size-medium wp-image-1010 aligncenter\" src=\"https:\/\/mercedes.andino.terapeuta.ec\/wp-content\/uploads\/2018\/04\/IMG-20170331-WA0002-300x169.jpg\" alt=\"\" width=\"300\" height=\"169\" srcset=\"https:\/\/terapeuta.ec\/wp-content\/uploads\/2018\/04\/IMG-20170331-WA0002-300x169.jpg 300w, https:\/\/terapeuta.ec\/wp-content\/uploads\/2018\/04\/IMG-20170331-WA0002-768x432.jpg 768w, https:\/\/terapeuta.ec\/wp-content\/uploads\/2018\/04\/IMG-20170331-WA0002-1024x576.jpg 1024w, https:\/\/terapeuta.ec\/wp-content\/uploads\/2018\/04\/IMG-20170331-WA0002-280x158.jpg 280w, https:\/\/terapeuta.ec\/wp-content\/uploads\/2018\/04\/IMG-20170331-WA0002-1170x658.jpg 1170w, https:\/\/terapeuta.ec\/wp-content\/uploads\/2018\/04\/IMG-20170331-WA0002-600x338.jpg 600w, https:\/\/terapeuta.ec\/wp-content\/uploads\/2018\/04\/IMG-20170331-WA0002.jpg 1280w\" sizes=\"(max-width: 300px) 100vw, 300px\" \/><\/p>\n","protected":false},"excerpt":{"rendered":"<p>\u00bfDe d\u00f3nde vengo? soy originaria de La Man\u00e1, nacida un 24 de septiembre de 1988 en La Man\u00e1 provincia de Cotopaxi en Ecuador. Mestiza, descendiente de una familia de hierbateros y curanderos. A la edad de 21 a\u00f1os viv\u00ed una depresi\u00f3n severa que despert\u00f3 ocasionada por un anticonceptivo que me provoc\u00f3 efectos menopa\u00fasicos, confront\u00e1ndome con<\/p>\n","protected":false},"author":1,"featured_media":0,"parent":0,"menu_order":0,"comment_status":"closed","ping_status":"closed","template":"","meta":{"footnotes":""},"_links":{"self":[{"href":"https:\/\/terapeuta.ec\/index.php?rest_route=\/wp\/v2\/pages\/902"}],"collection":[{"href":"https:\/\/terapeuta.ec\/index.php?rest_route=\/wp\/v2\/pages"}],"about":[{"href":"https:\/\/terapeuta.ec\/index.php?rest_route=\/wp\/v2\/types\/page"}],"author":[{"embeddable":true,"href":"https:\/\/terapeuta.ec\/index.php?rest_route=\/wp\/v2\/users\/1"}],"replies":[{"embeddable":true,"href":"https:\/\/terapeuta.ec\/index.php?rest_route=%2Fwp%2Fv2%2Fcomments&post=902"}],"version-history":[{"count":9,"href":"https:\/\/terapeuta.ec\/index.php?rest_route=\/wp\/v2\/pages\/902\/revisions"}],"predecessor-version":[{"id":1426,"href":"https:\/\/terapeuta.ec\/index.php?rest_route=\/wp\/v2\/pages\/902\/revisions\/1426"}],"wp:attachment":[{"href":"https:\/\/terapeuta.ec\/index.php?rest_route=%2Fwp%2Fv2%2Fmedia&parent=902"}],"curies":[{"name":"wp","href":"https:\/\/api.w.org\/{rel}","templated":true}]}}