{"id":1023,"date":"2018-04-14T16:06:40","date_gmt":"2018-04-14T16:06:40","guid":{"rendered":"https:\/\/mercedes.andino.terapeuta.ec\/?page_id=1023"},"modified":"2019-10-29T02:57:57","modified_gmt":"2019-10-29T02:57:57","slug":"testimonio","status":"publish","type":"page","link":"https:\/\/terapeuta.ec\/?page_id=1023","title":{"rendered":"Testimonio"},"content":{"rendered":"<p><img loading=\"lazy\" decoding=\"async\" class=\" wp-image-1082 alignleft\" src=\"https:\/\/mercedes.andino.terapeuta.ec\/wp-content\/uploads\/2018\/05\/22450102_1503657216349188_1906580472351530162_n-300x300.jpg\" alt=\"\" width=\"149\" height=\"149\" srcset=\"https:\/\/terapeuta.ec\/wp-content\/uploads\/2018\/05\/22450102_1503657216349188_1906580472351530162_n-300x300.jpg 300w, https:\/\/terapeuta.ec\/wp-content\/uploads\/2018\/05\/22450102_1503657216349188_1906580472351530162_n-150x150.jpg 150w, https:\/\/terapeuta.ec\/wp-content\/uploads\/2018\/05\/22450102_1503657216349188_1906580472351530162_n-768x768.jpg 768w, https:\/\/terapeuta.ec\/wp-content\/uploads\/2018\/05\/22450102_1503657216349188_1906580472351530162_n-187x187.jpg 187w, https:\/\/terapeuta.ec\/wp-content\/uploads\/2018\/05\/22450102_1503657216349188_1906580472351530162_n.jpg 960w\" sizes=\"(max-width: 149px) 100vw, 149px\" \/>En mi experiencia de sanaci\u00f3n pude por primera vez y de verdad comprenderme a mi misma y a las circunstancias que acontecen en mi vida.\u00a0 El espacio y comodidad asi como la disposici\u00f3n y el coraz\u00f3n abierto de Mercedes hicieron la diferencia. Los resultados de esta terapia son muy gratificantes, porque siento que ahora mi energ\u00eda es m\u00e1s fluida y mi concentraci\u00f3n tambien. He mejorado mi relaci\u00f3n con la Pachita (madre tierra), soy m\u00e1s consciente del medio ambiente. He mejorado la comunicaci\u00f3n y manera de relacionarme con las personas de mi entorno.<\/p>\n<p>Elena Ru\u00edz, 22 a\u00f1os, Quito.<\/p>\n<p>&nbsp;<\/p>\n<p>&nbsp;<\/p>\n","protected":false},"excerpt":{"rendered":"<p>En mi experiencia de sanaci\u00f3n pude por primera vez y de verdad comprenderme a mi misma y a las circunstancias que acontecen en mi vida.\u00a0 El espacio y comodidad asi como la disposici\u00f3n y el coraz\u00f3n abierto de Mercedes hicieron la diferencia. Los resultados de esta terapia son muy gratificantes, porque siento que ahora mi<\/p>\n","protected":false},"author":1,"featured_media":0,"parent":0,"menu_order":0,"comment_status":"closed","ping_status":"closed","template":"","meta":{"footnotes":""},"_links":{"self":[{"href":"https:\/\/terapeuta.ec\/index.php?rest_route=\/wp\/v2\/pages\/1023"}],"collection":[{"href":"https:\/\/terapeuta.ec\/index.php?rest_route=\/wp\/v2\/pages"}],"about":[{"href":"https:\/\/terapeuta.ec\/index.php?rest_route=\/wp\/v2\/types\/page"}],"author":[{"embeddable":true,"href":"https:\/\/terapeuta.ec\/index.php?rest_route=\/wp\/v2\/users\/1"}],"replies":[{"embeddable":true,"href":"https:\/\/terapeuta.ec\/index.php?rest_route=%2Fwp%2Fv2%2Fcomments&post=1023"}],"version-history":[{"count":5,"href":"https:\/\/terapeuta.ec\/index.php?rest_route=\/wp\/v2\/pages\/1023\/revisions"}],"predecessor-version":[{"id":1026,"href":"https:\/\/terapeuta.ec\/index.php?rest_route=\/wp\/v2\/pages\/1023\/revisions\/1026"}],"wp:attachment":[{"href":"https:\/\/terapeuta.ec\/index.php?rest_route=%2Fwp%2Fv2%2Fmedia&parent=1023"}],"curies":[{"name":"wp","href":"https:\/\/api.w.org\/{rel}","templated":true}]}}